{"id":45,"date":"2022-11-16T00:25:51","date_gmt":"2022-11-16T00:25:51","guid":{"rendered":"https:\/\/recpad2023.isec.pt\/?page_id=45"},"modified":"2022-11-16T01:23:38","modified_gmt":"2022-11-16T01:23:38","slug":"organization","status":"publish","type":"page","link":"https:\/\/recpad2023.isec.pt\/index.php\/organization\/","title":{"rendered":"Organization"},"content":{"rendered":"\n<h4 class=\"wp-block-heading\">Local Committee @ ISEC<\/h4>\n\n\n\n<p>\nCristiana Areias<br>\nIn\u00eas Domingues<br>\nNuno Martins<br>\nSim\u00e3o Paredes<br>\nTeresa Rocha<br>\nVer\u00f3nica Vasconcelos<br>\n<\/p>\n\n\n\n<h4 class=\"wp-block-heading\">Technical Support<\/h4>\n\n\n\n<p>Ant\u00f3nio Godinho, ISEC, Portugal<\/p>\n\n\n\n<div style=\"height:500px\" aria-hidden=\"true\" class=\"wp-block-spacer\"><\/div>\n","protected":false},"excerpt":{"rendered":"<p>Local Committee @ ISEC Cristiana Areias In\u00eas Domingues Nuno Martins Sim\u00e3o Paredes Teresa Rocha Ver\u00f3nica Vasconcelos Technical Support Ant\u00f3nio Godinho, ISEC, Portugal<\/p>\n","protected":false},"author":1,"featured_media":0,"parent":0,"menu_order":0,"comment_status":"closed","ping_status":"closed","template":"","meta":{"footnotes":""},"class_list":["post-45","page","type-page","status-publish"],"_links":{"self":[{"href":"https:\/\/recpad2023.isec.pt\/index.php\/wp-json\/wp\/v2\/pages\/45","targetHints":{"allow":["GET"]}}],"collection":[{"href":"https:\/\/recpad2023.isec.pt\/index.php\/wp-json\/wp\/v2\/pages"}],"about":[{"href":"https:\/\/recpad2023.isec.pt\/index.php\/wp-json\/wp\/v2\/types\/page"}],"author":[{"embeddable":true,"href":"https:\/\/recpad2023.isec.pt\/index.php\/wp-json\/wp\/v2\/users\/1"}],"replies":[{"embeddable":true,"href":"https:\/\/recpad2023.isec.pt\/index.php\/wp-json\/wp\/v2\/comments?post=45"}],"version-history":[{"count":2,"href":"https:\/\/recpad2023.isec.pt\/index.php\/wp-json\/wp\/v2\/pages\/45\/revisions"}],"predecessor-version":[{"id":50,"href":"https:\/\/recpad2023.isec.pt\/index.php\/wp-json\/wp\/v2\/pages\/45\/revisions\/50"}],"wp:attachment":[{"href":"https:\/\/recpad2023.isec.pt\/index.php\/wp-json\/wp\/v2\/media?parent=45"}],"curies":[{"name":"wp","href":"https:\/\/api.w.org\/{rel}","templated":true}]}}